{"id":1004,"date":"2025-05-12T11:13:14","date_gmt":"2025-05-12T09:13:14","guid":{"rendered":"https:\/\/posturologue.fr\/Alain-Caisso-Podoposturologue-Montpellier-Herault\/?page_id=1004"},"modified":"2025-05-12T13:48:53","modified_gmt":"2025-05-12T11:48:53","slug":"analyse-posturale-coureur","status":"publish","type":"page","link":"https:\/\/posturologue.fr\/Alain-Caisso-Podoposturologue-Montpellier-Herault\/course-pied-et-posture\/analyse-posturale-coureur\/","title":{"rendered":"Analyse posturale du coureur"},"content":{"rendered":"\t\t<div data-elementor-type=\"wp-page\" data-elementor-id=\"1004\" class=\"elementor elementor-1004\">\n\t\t\t\t<div class=\"elementor-element elementor-element-24d5174 e-flex e-con-boxed e-con e-parent\" data-id=\"24d5174\" data-element_type=\"container\" data-core-v316-plus=\"true\">\n\t\t\t\t\t<div class=\"e-con-inner\">\n\t\t\t\t<div class=\"elementor-element elementor-element-9cd82e5 elementor-button-info elementor-widget elementor-widget-button\" data-id=\"9cd82e5\" data-element_type=\"widget\" data-widget_type=\"button.default\">\n\t\t\t\t<div class=\"elementor-widget-container\">\n\t\t\t\t\t<div class=\"elementor-button-wrapper\">\n\t\t\t<a class=\"elementor-button elementor-button-link elementor-size-sm\" href=\"https:\/\/posturologue.fr\/Alain-Caisso-Podoposturologue-Montpellier-Herault\/course-pied-et-posture\/\">\n\t\t\t\t\t\t<span class=\"elementor-button-content-wrapper\">\n\t\t\t\t\t\t<span class=\"elementor-button-text\">Retour Index<\/span>\n\t\t<\/span>\n\t\t\t\t\t<\/a>\n\t\t<\/div>\n\t\t\t\t<\/div>\n\t\t\t\t<\/div>\n\t\t\t\t\t<\/div>\n\t\t\t\t<\/div>\n\t\t<div class=\"elementor-element elementor-element-cc2a947 e-flex e-con-boxed e-con e-parent\" data-id=\"cc2a947\" data-element_type=\"container\" data-core-v316-plus=\"true\">\n\t\t\t\t\t<div class=\"e-con-inner\">\n\t\t\t\t<div class=\"elementor-element elementor-element-b636bbb elementor-align-center elementor-fixed elementor-widget elementor-widget-button\" data-id=\"b636bbb\" data-element_type=\"widget\" data-settings=\"{&quot;_position&quot;:&quot;fixed&quot;}\" data-widget_type=\"button.default\">\n\t\t\t\t<div class=\"elementor-widget-container\">\n\t\t\t\t\t<div class=\"elementor-button-wrapper\">\n\t\t\t<a class=\"elementor-button elementor-button-link elementor-size-sm\" href=\"https:\/\/posturologue.fr\/Alain-Caisso-Podoposturologue-Montpellier-Herault\/prendre-rendez-vous\/\" id=\"prendrerdv\">\n\t\t\t\t\t\t<span class=\"elementor-button-content-wrapper\">\n\t\t\t\t\t\t<span class=\"elementor-button-icon elementor-align-icon-left\">\n\t\t\t\t<svg aria-hidden=\"true\" class=\"e-font-icon-svg e-fas-phone-alt\" viewBox=\"0 0 512 512\" xmlns=\"http:\/\/www.w3.org\/2000\/svg\"><path d=\"M497.39 361.8l-112-48a24 24 0 0 0-28 6.9l-49.6 60.6A370.66 370.66 0 0 1 130.6 204.11l60.6-49.6a23.94 23.94 0 0 0 6.9-28l-48-112A24.16 24.16 0 0 0 122.6.61l-104 24A24 24 0 0 0 0 48c0 256.5 207.9 464 464 464a24 24 0 0 0 23.4-18.6l24-104a24.29 24.29 0 0 0-14.01-27.6z\"><\/path><\/svg>\t\t\t<\/span>\n\t\t\t\t\t\t<span class=\"elementor-button-text\">Prendre RDV<\/span>\n\t\t<\/span>\n\t\t\t\t\t<\/a>\n\t\t<\/div>\n\t\t\t\t<\/div>\n\t\t\t\t<\/div>\n\t\t\t\t\t<\/div>\n\t\t\t\t<\/div>\n\t\t<div class=\"elementor-element elementor-element-ecb7672 e-grid e-con-boxed e-con e-parent\" data-id=\"ecb7672\" data-element_type=\"container\" data-core-v316-plus=\"true\">\n\t\t\t\t\t<div class=\"e-con-inner\">\n\t\t\t\t<div class=\"elementor-element elementor-element-9eb3536 elementor-widget elementor-widget-text-editor\" data-id=\"9eb3536\" data-element_type=\"widget\" data-widget_type=\"text-editor.default\">\n\t\t\t\t<div class=\"elementor-widget-container\">\n\t\t\t<style>\/*! elementor - v3.20.0 - 26-03-2024 *\/\n.elementor-widget-text-editor.elementor-drop-cap-view-stacked .elementor-drop-cap{background-color:#69727d;color:#fff}.elementor-widget-text-editor.elementor-drop-cap-view-framed .elementor-drop-cap{color:#69727d;border:3px solid;background-color:transparent}.elementor-widget-text-editor:not(.elementor-drop-cap-view-default) .elementor-drop-cap{margin-top:8px}.elementor-widget-text-editor:not(.elementor-drop-cap-view-default) .elementor-drop-cap-letter{width:1em;height:1em}.elementor-widget-text-editor .elementor-drop-cap{float:left;text-align:center;line-height:1;font-size:50px}.elementor-widget-text-editor .elementor-drop-cap-letter{display:inline-block}<\/style>\t\t\t\t<h2>L\u2019analyse posturale du coureur<\/h2><h4>45 min d\u2019analyse sur tapis de course<\/h4>\t\t\t\t\t\t<\/div>\n\t\t\t\t<\/div>\n\t\t\t\t<div class=\"elementor-element elementor-element-7480905 elementor-widget elementor-widget-image\" data-id=\"7480905\" data-element_type=\"widget\" data-widget_type=\"image.default\">\n\t\t\t\t<div class=\"elementor-widget-container\">\n\t\t\t<style>\/*! elementor - v3.20.0 - 26-03-2024 *\/\n.elementor-widget-image{text-align:center}.elementor-widget-image a{display:inline-block}.elementor-widget-image a img[src$=\".svg\"]{width:48px}.elementor-widget-image img{vertical-align:middle;display:inline-block}<\/style>\t\t\t\t\t\t\t\t\t\t<img decoding=\"async\" width=\"300\" height=\"105\" src=\"https:\/\/posturologue.fr\/Alain-Caisso-Podoposturologue-Montpellier-Herault\/wp-content\/uploads\/2025\/05\/398@2x-300x105.jpg\" class=\"attachment-medium size-medium wp-image-1006\" alt=\"\" srcset=\"https:\/\/posturologue.fr\/Alain-Caisso-Podoposturologue-Montpellier-Herault\/wp-content\/uploads\/2025\/05\/398@2x-300x105.jpg 300w, https:\/\/posturologue.fr\/Alain-Caisso-Podoposturologue-Montpellier-Herault\/wp-content\/uploads\/2025\/05\/398@2x-600x211.jpg 600w, https:\/\/posturologue.fr\/Alain-Caisso-Podoposturologue-Montpellier-Herault\/wp-content\/uploads\/2025\/05\/398@2x.jpg 632w\" sizes=\"(max-width: 300px) 100vw, 300px\" \/>\t\t\t\t\t\t\t\t\t\t\t\t\t<\/div>\n\t\t\t\t<\/div>\n\t\t\t\t\t<\/div>\n\t\t\t\t<\/div>\n\t\t<div class=\"elementor-element elementor-element-b183d29 e-grid e-con-boxed e-con e-parent\" data-id=\"b183d29\" data-element_type=\"container\" data-core-v316-plus=\"true\">\n\t\t\t\t\t<div class=\"e-con-inner\">\n\t\t\t\t<div class=\"elementor-element elementor-element-d3129ea elementor-widget elementor-widget-text-editor\" data-id=\"d3129ea\" data-element_type=\"widget\" data-widget_type=\"text-editor.default\">\n\t\t\t\t<div class=\"elementor-widget-container\">\n\t\t\t\t\t\t\t<h2><span class=\"xr_tl Texte_normal\">5 cam\u00e9ras braqu\u00e9es sur 5 points d\u2019analyse<\/span><\/h2><ul><li class=\"Texte_normal\"><span class=\"xr_tl Texte_normal\"> pose du pied au sol<\/span><\/li><li class=\"Texte_normal\"><span class=\"xr_tl Texte_normal\">travail des bras<\/span><\/li><li class=\"Texte_normal\"><span class=\"xr_tl Texte_normal\">mesure de l\u2019impact au sol<\/span><\/li><li class=\"Texte_normal\"><span class=\"xr_tl Texte_normal\">mesure du d\u00e9placement vertical<\/span><\/li><li class=\"Texte_normal\"><span class=\"xr_tl Texte_normal\">dysmorphose des membres inf\u00e9rieurs<\/span><\/li><\/ul>\t\t\t\t\t\t<\/div>\n\t\t\t\t<\/div>\n\t\t\t\t<div class=\"elementor-element elementor-element-62df160 elementor-widget elementor-widget-image\" data-id=\"62df160\" data-element_type=\"widget\" data-widget_type=\"image.default\">\n\t\t\t\t<div class=\"elementor-widget-container\">\n\t\t\t\t\t\t\t\t\t\t\t\t\t<img decoding=\"async\" width=\"300\" height=\"78\" src=\"https:\/\/posturologue.fr\/Alain-Caisso-Podoposturologue-Montpellier-Herault\/wp-content\/uploads\/2025\/05\/402@2x-300x78.jpg\" class=\"attachment-medium size-medium wp-image-1007\" alt=\"\" srcset=\"https:\/\/posturologue.fr\/Alain-Caisso-Podoposturologue-Montpellier-Herault\/wp-content\/uploads\/2025\/05\/402@2x-300x78.jpg 300w, https:\/\/posturologue.fr\/Alain-Caisso-Podoposturologue-Montpellier-Herault\/wp-content\/uploads\/2025\/05\/402@2x-600x155.jpg 600w, https:\/\/posturologue.fr\/Alain-Caisso-Podoposturologue-Montpellier-Herault\/wp-content\/uploads\/2025\/05\/402@2x.jpg 602w\" sizes=\"(max-width: 300px) 100vw, 300px\" \/>\t\t\t\t\t\t\t\t\t\t\t\t\t<\/div>\n\t\t\t\t<\/div>\n\t\t\t\t<div class=\"elementor-element elementor-element-dddd1a4 elementor-widget elementor-widget-image\" data-id=\"dddd1a4\" data-element_type=\"widget\" data-widget_type=\"image.default\">\n\t\t\t\t<div class=\"elementor-widget-container\">\n\t\t\t\t\t\t\t\t\t\t\t\t\t<img decoding=\"async\" width=\"228\" height=\"158\" src=\"https:\/\/posturologue.fr\/Alain-Caisso-Podoposturologue-Montpellier-Herault\/wp-content\/uploads\/2025\/05\/403@2x.jpg\" class=\"attachment-medium size-medium wp-image-1008\" alt=\"\" \/>\t\t\t\t\t\t\t\t\t\t\t\t\t<\/div>\n\t\t\t\t<\/div>\n\t\t\t\t\t<\/div>\n\t\t\t\t<\/div>\n\t\t<div class=\"elementor-element elementor-element-da7242b e-grid e-con-boxed e-con e-parent\" data-id=\"da7242b\" data-element_type=\"container\" data-core-v316-plus=\"true\">\n\t\t\t\t\t<div class=\"e-con-inner\">\n\t\t\t\t<div class=\"elementor-element elementor-element-37c1bb3 elementor-widget elementor-widget-text-editor\" data-id=\"37c1bb3\" data-element_type=\"widget\" data-widget_type=\"text-editor.default\">\n\t\t\t\t<div class=\"elementor-widget-container\">\n\t\t\t\t\t\t\t<h2><span class=\"xr_tl Texte_normal\">2 conditions de course diff\u00e9rentes<\/span><\/h2><ul><li class=\"Texte_normal\"><span class=\"xr_tl Texte_normal\">\u00a0avec chaussure \u201chabituelles\u201d sans consignes<\/span><\/li><li class=\"Texte_normal\"><span class=\"xr_tl Texte_normal\">sans chaussures<\/span><\/li><\/ul>\t\t\t\t\t\t<\/div>\n\t\t\t\t<\/div>\n\t\t\t\t<div class=\"elementor-element elementor-element-43ee695 elementor-widget elementor-widget-image\" data-id=\"43ee695\" data-element_type=\"widget\" data-widget_type=\"image.default\">\n\t\t\t\t<div class=\"elementor-widget-container\">\n\t\t\t\t\t\t\t\t\t\t\t\t\t<img loading=\"lazy\" decoding=\"async\" width=\"162\" height=\"300\" src=\"https:\/\/posturologue.fr\/Alain-Caisso-Podoposturologue-Montpellier-Herault\/wp-content\/uploads\/2025\/05\/400@2x-162x300.jpg\" class=\"attachment-medium size-medium wp-image-1011\" alt=\"\" srcset=\"https:\/\/posturologue.fr\/Alain-Caisso-Podoposturologue-Montpellier-Herault\/wp-content\/uploads\/2025\/05\/400@2x-162x300.jpg 162w, https:\/\/posturologue.fr\/Alain-Caisso-Podoposturologue-Montpellier-Herault\/wp-content\/uploads\/2025\/05\/400@2x.jpg 174w\" sizes=\"(max-width: 162px) 100vw, 162px\" \/>\t\t\t\t\t\t\t\t\t\t\t\t\t<\/div>\n\t\t\t\t<\/div>\n\t\t\t\t<div class=\"elementor-element elementor-element-e680391 elementor-widget elementor-widget-image\" data-id=\"e680391\" data-element_type=\"widget\" data-widget_type=\"image.default\">\n\t\t\t\t<div class=\"elementor-widget-container\">\n\t\t\t\t\t\t\t\t\t\t\t\t\t<img loading=\"lazy\" decoding=\"async\" width=\"99\" height=\"300\" src=\"https:\/\/posturologue.fr\/Alain-Caisso-Podoposturologue-Montpellier-Herault\/wp-content\/uploads\/2025\/05\/399@2x-99x300.jpg\" class=\"attachment-medium size-medium wp-image-1010\" alt=\"\" srcset=\"https:\/\/posturologue.fr\/Alain-Caisso-Podoposturologue-Montpellier-Herault\/wp-content\/uploads\/2025\/05\/399@2x-99x300.jpg 99w, https:\/\/posturologue.fr\/Alain-Caisso-Podoposturologue-Montpellier-Herault\/wp-content\/uploads\/2025\/05\/399@2x.jpg 104w\" sizes=\"(max-width: 99px) 100vw, 99px\" \/>\t\t\t\t\t\t\t\t\t\t\t\t\t<\/div>\n\t\t\t\t<\/div>\n\t\t\t\t<div class=\"elementor-element elementor-element-50e7090 elementor-widget elementor-widget-image\" data-id=\"50e7090\" data-element_type=\"widget\" data-widget_type=\"image.default\">\n\t\t\t\t<div class=\"elementor-widget-container\">\n\t\t\t\t\t\t\t\t\t\t\t\t\t<img loading=\"lazy\" decoding=\"async\" width=\"300\" height=\"300\" src=\"https:\/\/posturologue.fr\/Alain-Caisso-Podoposturologue-Montpellier-Herault\/wp-content\/uploads\/2025\/05\/168@2x-300x300.jpg\" class=\"attachment-medium size-medium wp-image-1009\" alt=\"\" srcset=\"https:\/\/posturologue.fr\/Alain-Caisso-Podoposturologue-Montpellier-Herault\/wp-content\/uploads\/2025\/05\/168@2x-300x300.jpg 300w, https:\/\/posturologue.fr\/Alain-Caisso-Podoposturologue-Montpellier-Herault\/wp-content\/uploads\/2025\/05\/168@2x-150x150.jpg 150w, https:\/\/posturologue.fr\/Alain-Caisso-Podoposturologue-Montpellier-Herault\/wp-content\/uploads\/2025\/05\/168@2x-100x100.jpg 100w, https:\/\/posturologue.fr\/Alain-Caisso-Podoposturologue-Montpellier-Herault\/wp-content\/uploads\/2025\/05\/168@2x.jpg 348w\" sizes=\"(max-width: 300px) 100vw, 300px\" \/>\t\t\t\t\t\t\t\t\t\t\t\t\t<\/div>\n\t\t\t\t<\/div>\n\t\t\t\t\t<\/div>\n\t\t\t\t<\/div>\n\t\t\t\t<\/div>\n\t\t","protected":false},"excerpt":{"rendered":"<p>Retour Index Prendre RDV L\u2019analyse posturale du coureur 45 min d\u2019analyse sur tapis de course 5 cam\u00e9ras braqu\u00e9es sur 5 points d\u2019analyse pose du pied au sol travail des bras mesure de l\u2019impact au sol mesure du d\u00e9placement vertical dysmorphose des membres inf\u00e9rieurs 2 conditions de course diff\u00e9rentes \u00a0avec chaussure \u201chabituelles\u201d sans consignes sans chaussures<\/p>\n","protected":false},"author":1,"featured_media":0,"parent":915,"menu_order":0,"comment_status":"closed","ping_status":"closed","template":"","meta":{"footnotes":""},"class_list":["post-1004","page","type-page","status-publish","hentry","entry","owp-thumbs-layout-horizontal","owp-btn-normal","owp-tabs-layout-horizontal","has-no-thumbnails"],"_links":{"self":[{"href":"https:\/\/posturologue.fr\/Alain-Caisso-Podoposturologue-Montpellier-Herault\/wp-json\/wp\/v2\/pages\/1004","targetHints":{"allow":["GET"]}}],"collection":[{"href":"https:\/\/posturologue.fr\/Alain-Caisso-Podoposturologue-Montpellier-Herault\/wp-json\/wp\/v2\/pages"}],"about":[{"href":"https:\/\/posturologue.fr\/Alain-Caisso-Podoposturologue-Montpellier-Herault\/wp-json\/wp\/v2\/types\/page"}],"author":[{"embeddable":true,"href":"https:\/\/posturologue.fr\/Alain-Caisso-Podoposturologue-Montpellier-Herault\/wp-json\/wp\/v2\/users\/1"}],"replies":[{"embeddable":true,"href":"https:\/\/posturologue.fr\/Alain-Caisso-Podoposturologue-Montpellier-Herault\/wp-json\/wp\/v2\/comments?post=1004"}],"version-history":[{"count":17,"href":"https:\/\/posturologue.fr\/Alain-Caisso-Podoposturologue-Montpellier-Herault\/wp-json\/wp\/v2\/pages\/1004\/revisions"}],"predecessor-version":[{"id":1179,"href":"https:\/\/posturologue.fr\/Alain-Caisso-Podoposturologue-Montpellier-Herault\/wp-json\/wp\/v2\/pages\/1004\/revisions\/1179"}],"up":[{"embeddable":true,"href":"https:\/\/posturologue.fr\/Alain-Caisso-Podoposturologue-Montpellier-Herault\/wp-json\/wp\/v2\/pages\/915"}],"wp:attachment":[{"href":"https:\/\/posturologue.fr\/Alain-Caisso-Podoposturologue-Montpellier-Herault\/wp-json\/wp\/v2\/media?parent=1004"}],"curies":[{"name":"wp","href":"https:\/\/api.w.org\/{rel}","templated":true}]}}