{"id":1108,"date":"2025-05-12T12:47:41","date_gmt":"2025-05-12T10:47:41","guid":{"rendered":"https:\/\/posturologue.fr\/Alain-Caisso-Podoposturologue-Montpellier-Herault\/?page_id=1108"},"modified":"2025-05-12T13:56:11","modified_gmt":"2025-05-12T11:56:11","slug":"videos-explicatives-de-la-foulee-minimaliste","status":"publish","type":"page","link":"https:\/\/posturologue.fr\/Alain-Caisso-Podoposturologue-Montpellier-Herault\/course-pied-et-posture\/videos-explicatives-de-la-foulee-minimaliste\/","title":{"rendered":"Vid\u00e9os explicatives de la foul\u00e9e minimaliste"},"content":{"rendered":"\t\t<div data-elementor-type=\"wp-page\" data-elementor-id=\"1108\" class=\"elementor elementor-1108\">\n\t\t\t\t<div class=\"elementor-element elementor-element-2e5030d8 e-flex e-con-boxed e-con e-parent\" data-id=\"2e5030d8\" data-element_type=\"container\" data-core-v316-plus=\"true\">\n\t\t\t\t\t<div class=\"e-con-inner\">\n\t\t\t\t<div class=\"elementor-element elementor-element-1265c045 elementor-align-center elementor-fixed elementor-widget elementor-widget-button\" data-id=\"1265c045\" data-element_type=\"widget\" data-settings=\"{&quot;_position&quot;:&quot;fixed&quot;}\" data-widget_type=\"button.default\">\n\t\t\t\t<div class=\"elementor-widget-container\">\n\t\t\t\t\t<div class=\"elementor-button-wrapper\">\n\t\t\t<a class=\"elementor-button elementor-button-link elementor-size-sm\" href=\"https:\/\/posturologue.fr\/Alain-Caisso-Podoposturologue-Montpellier-Herault\/prendre-rendez-vous\/\" id=\"prendrerdv\">\n\t\t\t\t\t\t<span class=\"elementor-button-content-wrapper\">\n\t\t\t\t\t\t<span class=\"elementor-button-icon elementor-align-icon-left\">\n\t\t\t\t<svg aria-hidden=\"true\" class=\"e-font-icon-svg e-fas-phone-alt\" viewBox=\"0 0 512 512\" xmlns=\"http:\/\/www.w3.org\/2000\/svg\"><path d=\"M497.39 361.8l-112-48a24 24 0 0 0-28 6.9l-49.6 60.6A370.66 370.66 0 0 1 130.6 204.11l60.6-49.6a23.94 23.94 0 0 0 6.9-28l-48-112A24.16 24.16 0 0 0 122.6.61l-104 24A24 24 0 0 0 0 48c0 256.5 207.9 464 464 464a24 24 0 0 0 23.4-18.6l24-104a24.29 24.29 0 0 0-14.01-27.6z\"><\/path><\/svg>\t\t\t<\/span>\n\t\t\t\t\t\t<span class=\"elementor-button-text\">Prendre RDV<\/span>\n\t\t<\/span>\n\t\t\t\t\t<\/a>\n\t\t<\/div>\n\t\t\t\t<\/div>\n\t\t\t\t<\/div>\n\t\t<div class=\"elementor-element elementor-element-1f4f4b0 e-flex e-con-boxed e-con e-child\" data-id=\"1f4f4b0\" data-element_type=\"container\">\n\t\t\t\t\t<div class=\"e-con-inner\">\n\t\t\t\t<div class=\"elementor-element elementor-element-e8e2d58 elementor-button-info elementor-widget elementor-widget-button\" data-id=\"e8e2d58\" data-element_type=\"widget\" data-widget_type=\"button.default\">\n\t\t\t\t<div class=\"elementor-widget-container\">\n\t\t\t\t\t<div class=\"elementor-button-wrapper\">\n\t\t\t<a class=\"elementor-button elementor-button-link elementor-size-sm\" href=\"https:\/\/posturologue.fr\/Alain-Caisso-Podoposturologue-Montpellier-Herault\/course-pied-et-posture\/\">\n\t\t\t\t\t\t<span class=\"elementor-button-content-wrapper\">\n\t\t\t\t\t\t<span class=\"elementor-button-text\">Retour Index<\/span>\n\t\t<\/span>\n\t\t\t\t\t<\/a>\n\t\t<\/div>\n\t\t\t\t<\/div>\n\t\t\t\t<\/div>\n\t\t\t\t\t<\/div>\n\t\t\t\t<\/div>\n\t\t\t\t\t<\/div>\n\t\t\t\t<\/div>\n\t\t<div class=\"elementor-element elementor-element-5e17e566 e-grid e-con-boxed e-con e-parent\" data-id=\"5e17e566\" data-element_type=\"container\" data-core-v316-plus=\"true\">\n\t\t\t\t\t<div class=\"e-con-inner\">\n\t\t\t\t<div class=\"elementor-element elementor-element-2d768cdb elementor-widget elementor-widget-text-editor\" data-id=\"2d768cdb\" data-element_type=\"widget\" data-widget_type=\"text-editor.default\">\n\t\t\t\t<div class=\"elementor-widget-container\">\n\t\t\t<style>\/*! elementor - v3.20.0 - 26-03-2024 *\/\n.elementor-widget-text-editor.elementor-drop-cap-view-stacked .elementor-drop-cap{background-color:#69727d;color:#fff}.elementor-widget-text-editor.elementor-drop-cap-view-framed .elementor-drop-cap{color:#69727d;border:3px solid;background-color:transparent}.elementor-widget-text-editor:not(.elementor-drop-cap-view-default) .elementor-drop-cap{margin-top:8px}.elementor-widget-text-editor:not(.elementor-drop-cap-view-default) .elementor-drop-cap-letter{width:1em;height:1em}.elementor-widget-text-editor .elementor-drop-cap{float:left;text-align:center;line-height:1;font-size:50px}.elementor-widget-text-editor .elementor-drop-cap-letter{display:inline-block}<\/style>\t\t\t\t<h2><span class=\"xr_tl Texte_normal\">Quelques vid\u00e9os explicatives <\/span><span class=\"xr_tl Texte_normal\">de la foul\u00e9e minimaliste<\/span><\/h2>\t\t\t\t\t\t<\/div>\n\t\t\t\t<\/div>\n\t\t\t\t\t<\/div>\n\t\t\t\t<\/div>\n\t\t<div class=\"elementor-element elementor-element-11f72e52 e-grid e-con-boxed e-con e-parent\" data-id=\"11f72e52\" data-element_type=\"container\" data-core-v316-plus=\"true\">\n\t\t\t\t\t<div class=\"e-con-inner\">\n\t\t\t\t<div class=\"elementor-element elementor-element-34f884ed elementor-widget elementor-widget-text-editor\" data-id=\"34f884ed\" data-element_type=\"widget\" data-widget_type=\"text-editor.default\">\n\t\t\t\t<div class=\"elementor-widget-container\">\n\t\t\t\t\t\t\t<h2><span class=\"xr_tc Texte_normal\">Vid\u00e9o 1<\/span><\/h2><p><span class=\"xr_tl Texte_normal\">Le Dr Silverman nous explique (en Anglais) <\/span><span class=\"xr_tl Texte_normal\">\u00a0les diff\u00e9rences entre une foul\u00e9e talon et une <\/span><span class=\"xr_tl Texte_normal\">\u00a0foul\u00e9e avant m\u00e9dio-pied.<\/span><\/p>\t\t\t\t\t\t<\/div>\n\t\t\t\t<\/div>\n\t\t\t\t<div class=\"elementor-element elementor-element-70a4372 elementor-widget elementor-widget-video\" data-id=\"70a4372\" data-element_type=\"widget\" data-settings=\"{&quot;youtube_url&quot;:&quot;https:\\\/\\\/www.youtube.com\\\/watch?v=U-zlLxurtKI&amp;t=61s&quot;,&quot;video_type&quot;:&quot;youtube&quot;,&quot;controls&quot;:&quot;yes&quot;}\" data-widget_type=\"video.default\">\n\t\t\t\t<div class=\"elementor-widget-container\">\n\t\t\t<style>\/*! elementor - v3.20.0 - 26-03-2024 *\/\n.elementor-widget-video .elementor-widget-container{overflow:hidden;transform:translateZ(0)}.elementor-widget-video .elementor-wrapper{aspect-ratio:var(--video-aspect-ratio)}.elementor-widget-video .elementor-wrapper iframe,.elementor-widget-video .elementor-wrapper video{height:100%;width:100%;display:flex;border:none;background-color:#000}@supports not (aspect-ratio:1\/1){.elementor-widget-video .elementor-wrapper{position:relative;overflow:hidden;height:0;padding-bottom:calc(100% \/ var(--video-aspect-ratio))}.elementor-widget-video .elementor-wrapper iframe,.elementor-widget-video .elementor-wrapper video{position:absolute;top:0;right:0;bottom:0;left:0}}.elementor-widget-video .elementor-open-inline .elementor-custom-embed-image-overlay{position:absolute;top:0;right:0;bottom:0;left:0;background-size:cover;background-position:50%}.elementor-widget-video .elementor-custom-embed-image-overlay{cursor:pointer;text-align:center}.elementor-widget-video .elementor-custom-embed-image-overlay:hover .elementor-custom-embed-play i{opacity:1}.elementor-widget-video .elementor-custom-embed-image-overlay img{display:block;width:100%;aspect-ratio:var(--video-aspect-ratio);-o-object-fit:cover;object-fit:cover;-o-object-position:center center;object-position:center center}@supports not (aspect-ratio:1\/1){.elementor-widget-video .elementor-custom-embed-image-overlay{position:relative;overflow:hidden;height:0;padding-bottom:calc(100% \/ var(--video-aspect-ratio))}.elementor-widget-video .elementor-custom-embed-image-overlay img{position:absolute;top:0;right:0;bottom:0;left:0}}.elementor-widget-video .e-hosted-video .elementor-video{-o-object-fit:cover;object-fit:cover}.e-con-inner>.elementor-widget-video,.e-con>.elementor-widget-video{width:var(--container-widget-width);--flex-grow:var(--container-widget-flex-grow)}<\/style>\t\t<div class=\"elementor-wrapper elementor-open-inline\">\n\t\t\t<div class=\"elementor-video\"><\/div>\t\t<\/div>\n\t\t\t\t<\/div>\n\t\t\t\t<\/div>\n\t\t\t\t\t<\/div>\n\t\t\t\t<\/div>\n\t\t<div class=\"elementor-element elementor-element-8a7312f e-grid e-con-boxed e-con e-parent\" data-id=\"8a7312f\" data-element_type=\"container\" data-core-v316-plus=\"true\">\n\t\t\t\t\t<div class=\"e-con-inner\">\n\t\t\t\t<div class=\"elementor-element elementor-element-6421ecd elementor-widget elementor-widget-text-editor\" data-id=\"6421ecd\" data-element_type=\"widget\" data-widget_type=\"text-editor.default\">\n\t\t\t\t<div class=\"elementor-widget-container\">\n\t\t\t\t\t\t\t<h2><span class=\"xr_tc Texte_normal\">Vid\u00e9o 2<\/span><\/h2><p><span class=\"xr_tl Texte_normal\">Analyse de la foul\u00e9e de Vincent Luis\u00a0 <\/span><span class=\"xr_tl Texte_normal\"><span class=\"Texte_normal\">\u00a0sur le site : <\/span><a href=\"http:\/\/couririntelligent.fr\" target=\"_blank\" rel=\"noopener\"><span class=\"Texte_normal\">couririntelligent.fr<\/span><\/a><\/span><\/p>\t\t\t\t\t\t<\/div>\n\t\t\t\t<\/div>\n\t\t\t\t<div class=\"elementor-element elementor-element-cdb0144 elementor-widget elementor-widget-video\" data-id=\"cdb0144\" data-element_type=\"widget\" data-settings=\"{&quot;youtube_url&quot;:&quot;https:\\\/\\\/www.youtube.com\\\/watch?v=7L-OC7zOn_Q&quot;,&quot;video_type&quot;:&quot;youtube&quot;,&quot;controls&quot;:&quot;yes&quot;}\" data-widget_type=\"video.default\">\n\t\t\t\t<div class=\"elementor-widget-container\">\n\t\t\t\t\t<div class=\"elementor-wrapper elementor-open-inline\">\n\t\t\t<div class=\"elementor-video\"><\/div>\t\t<\/div>\n\t\t\t\t<\/div>\n\t\t\t\t<\/div>\n\t\t\t\t\t<\/div>\n\t\t\t\t<\/div>\n\t\t<div class=\"elementor-element elementor-element-d5448a0 e-grid e-con-boxed e-con e-parent\" data-id=\"d5448a0\" data-element_type=\"container\" data-core-v316-plus=\"true\">\n\t\t\t\t\t<div class=\"e-con-inner\">\n\t\t\t\t<div class=\"elementor-element elementor-element-d39402e elementor-widget elementor-widget-text-editor\" data-id=\"d39402e\" data-element_type=\"widget\" data-widget_type=\"text-editor.default\">\n\t\t\t\t<div class=\"elementor-widget-container\">\n\t\t\t\t\t\t\t<h2><span class=\"xr_tc Texte_normal\">Vid\u00e9o 3<\/span><\/h2><p><span class=\"xr_tl Texte_normal\"><span class=\"Texte_normal\">Analyse de foul\u00e9e sur le semi-Marathon \u00a0de Paris 2016 sur le site : <\/span><a href=\"http:\/\/couririntelligent.fr\" target=\"_blank\" rel=\"noopener\"><span class=\"Texte_normal\">couririntelligent.fr<\/span><\/a><\/span><\/p>\t\t\t\t\t\t<\/div>\n\t\t\t\t<\/div>\n\t\t\t\t<div class=\"elementor-element elementor-element-50cba4a elementor-widget elementor-widget-video\" data-id=\"50cba4a\" data-element_type=\"widget\" data-settings=\"{&quot;youtube_url&quot;:&quot;https:\\\/\\\/www.youtube.com\\\/watch?v=E6HwncDsU1s&amp;t=42s&quot;,&quot;video_type&quot;:&quot;youtube&quot;,&quot;controls&quot;:&quot;yes&quot;}\" data-widget_type=\"video.default\">\n\t\t\t\t<div class=\"elementor-widget-container\">\n\t\t\t\t\t<div class=\"elementor-wrapper elementor-open-inline\">\n\t\t\t<div class=\"elementor-video\"><\/div>\t\t<\/div>\n\t\t\t\t<\/div>\n\t\t\t\t<\/div>\n\t\t\t\t\t<\/div>\n\t\t\t\t<\/div>\n\t\t\t\t<\/div>\n\t\t","protected":false},"excerpt":{"rendered":"<p>Prendre RDV Retour Index Quelques vid\u00e9os explicatives de la foul\u00e9e minimaliste Vid\u00e9o 1 Le Dr Silverman nous explique (en Anglais) \u00a0les diff\u00e9rences entre une foul\u00e9e talon et une \u00a0foul\u00e9e avant m\u00e9dio-pied. https:\/\/www.youtube.com\/watch?v=U-zlLxurtKI&#038;t=61s Vid\u00e9o 2 Analyse de la foul\u00e9e de Vincent Luis\u00a0 \u00a0sur le site : couririntelligent.fr https:\/\/www.youtube.com\/watch?v=7L-OC7zOn_Q Vid\u00e9o 3 Analyse de foul\u00e9e sur le semi-Marathon [&hellip;]<\/p>\n","protected":false},"author":1,"featured_media":0,"parent":915,"menu_order":0,"comment_status":"closed","ping_status":"closed","template":"","meta":{"footnotes":""},"class_list":["post-1108","page","type-page","status-publish","hentry","entry","owp-thumbs-layout-horizontal","owp-btn-normal","owp-tabs-layout-horizontal","has-no-thumbnails"],"_links":{"self":[{"href":"https:\/\/posturologue.fr\/Alain-Caisso-Podoposturologue-Montpellier-Herault\/wp-json\/wp\/v2\/pages\/1108","targetHints":{"allow":["GET"]}}],"collection":[{"href":"https:\/\/posturologue.fr\/Alain-Caisso-Podoposturologue-Montpellier-Herault\/wp-json\/wp\/v2\/pages"}],"about":[{"href":"https:\/\/posturologue.fr\/Alain-Caisso-Podoposturologue-Montpellier-Herault\/wp-json\/wp\/v2\/types\/page"}],"author":[{"embeddable":true,"href":"https:\/\/posturologue.fr\/Alain-Caisso-Podoposturologue-Montpellier-Herault\/wp-json\/wp\/v2\/users\/1"}],"replies":[{"embeddable":true,"href":"https:\/\/posturologue.fr\/Alain-Caisso-Podoposturologue-Montpellier-Herault\/wp-json\/wp\/v2\/comments?post=1108"}],"version-history":[{"count":7,"href":"https:\/\/posturologue.fr\/Alain-Caisso-Podoposturologue-Montpellier-Herault\/wp-json\/wp\/v2\/pages\/1108\/revisions"}],"predecessor-version":[{"id":1215,"href":"https:\/\/posturologue.fr\/Alain-Caisso-Podoposturologue-Montpellier-Herault\/wp-json\/wp\/v2\/pages\/1108\/revisions\/1215"}],"up":[{"embeddable":true,"href":"https:\/\/posturologue.fr\/Alain-Caisso-Podoposturologue-Montpellier-Herault\/wp-json\/wp\/v2\/pages\/915"}],"wp:attachment":[{"href":"https:\/\/posturologue.fr\/Alain-Caisso-Podoposturologue-Montpellier-Herault\/wp-json\/wp\/v2\/media?parent=1108"}],"curies":[{"name":"wp","href":"https:\/\/api.w.org\/{rel}","templated":true}]}}