{"id":136,"date":"2024-03-26T15:22:00","date_gmt":"2024-03-26T14:22:00","guid":{"rendered":"http:\/\/posturologue.fr\/Alain-Caisso-Podoposturologue-Montpellier-Herault\/?page_id=136"},"modified":"2024-04-05T11:42:17","modified_gmt":"2024-04-05T09:42:17","slug":"demande-de-renouvellement","status":"publish","type":"page","link":"https:\/\/posturologue.fr\/Alain-Caisso-Podoposturologue-Montpellier-Herault\/demande-de-renouvellement\/","title":{"rendered":"Demande de renouvellement"},"content":{"rendered":"\t\t<div data-elementor-type=\"wp-page\" data-elementor-id=\"136\" class=\"elementor elementor-136\">\n\t\t\t\t<div class=\"elementor-element elementor-element-99478dd e-flex e-con-boxed e-con e-parent\" data-id=\"99478dd\" data-element_type=\"container\" data-core-v316-plus=\"true\">\n\t\t\t\t\t<div class=\"e-con-inner\">\n\t\t\t\t<div class=\"elementor-element elementor-element-f86f6f7 elementor-widget elementor-widget-text-editor\" data-id=\"f86f6f7\" data-element_type=\"widget\" data-widget_type=\"text-editor.default\">\n\t\t\t\t<div class=\"elementor-widget-container\">\n\t\t\t<style>\/*! elementor - v3.20.0 - 26-03-2024 *\/\n.elementor-widget-text-editor.elementor-drop-cap-view-stacked .elementor-drop-cap{background-color:#69727d;color:#fff}.elementor-widget-text-editor.elementor-drop-cap-view-framed .elementor-drop-cap{color:#69727d;border:3px solid;background-color:transparent}.elementor-widget-text-editor:not(.elementor-drop-cap-view-default) .elementor-drop-cap{margin-top:8px}.elementor-widget-text-editor:not(.elementor-drop-cap-view-default) .elementor-drop-cap-letter{width:1em;height:1em}.elementor-widget-text-editor .elementor-drop-cap{float:left;text-align:center;line-height:1;font-size:50px}.elementor-widget-text-editor .elementor-drop-cap-letter{display:inline-block}<\/style>\t\t\t\t<h3>DEMANDE DE RENOUVELLEMENT DE SEMELLES EN LIGNE<\/h3><p><strong>Pour les ADULTES uniquement !<\/strong><\/p>\t\t\t\t\t\t<\/div>\n\t\t\t\t<\/div>\n\t\t\t\t\t<\/div>\n\t\t\t\t<\/div>\n\t\t<div class=\"elementor-element elementor-element-b9f4977 e-flex e-con-boxed e-con e-parent\" data-id=\"b9f4977\" data-element_type=\"container\" data-core-v316-plus=\"true\">\n\t\t\t\t\t<div class=\"e-con-inner\">\n\t\t<div class=\"elementor-element elementor-element-f0bf76b e-con-full e-flex e-con e-child\" data-id=\"f0bf76b\" data-element_type=\"container\">\n\t\t\t\t<div class=\"elementor-element elementor-element-936cdd1 elementor-widget elementor-widget-text-editor\" data-id=\"936cdd1\" data-element_type=\"widget\" data-widget_type=\"text-editor.default\">\n\t\t\t\t<div class=\"elementor-widget-container\">\n\t\t\t\t\t\t\t<p>La loi\u00a0 RIST du 23 mai\u00a02023 autorise\u00a0votre podologue \u00e0 vous prescrire directement vos semelles orthop\u00e9diques<\/p>\t\t\t\t\t\t<\/div>\n\t\t\t\t<\/div>\n\t\t\t\t<\/div>\n\t\t\t\t<div class=\"elementor-element elementor-element-db775c7 elementor-widget elementor-widget-image\" data-id=\"db775c7\" data-element_type=\"widget\" data-widget_type=\"image.default\">\n\t\t\t\t<div class=\"elementor-widget-container\">\n\t\t\t<style>\/*! elementor - v3.20.0 - 26-03-2024 *\/\n.elementor-widget-image{text-align:center}.elementor-widget-image a{display:inline-block}.elementor-widget-image a img[src$=\".svg\"]{width:48px}.elementor-widget-image img{vertical-align:middle;display:inline-block}<\/style>\t\t\t\t\t\t\t\t\t\t<img decoding=\"async\" width=\"300\" height=\"137\" src=\"https:\/\/posturologue.fr\/Alain-Caisso-Podoposturologue-Montpellier-Herault\/wp-content\/uploads\/2024\/03\/SS-300x137.png\" class=\"attachment-medium size-medium wp-image-139\" alt=\"\" srcset=\"https:\/\/posturologue.fr\/Alain-Caisso-Podoposturologue-Montpellier-Herault\/wp-content\/uploads\/2024\/03\/SS-300x137.png 300w, https:\/\/posturologue.fr\/Alain-Caisso-Podoposturologue-Montpellier-Herault\/wp-content\/uploads\/2024\/03\/SS.png 332w\" sizes=\"(max-width: 300px) 100vw, 300px\" \/>\t\t\t\t\t\t\t\t\t\t\t\t\t<\/div>\n\t\t\t\t<\/div>\n\t\t\t\t\t<\/div>\n\t\t\t\t<\/div>\n\t\t<div class=\"elementor-element elementor-element-c3b7140 e-flex e-con-boxed e-con e-parent\" data-id=\"c3b7140\" data-element_type=\"container\" data-core-v316-plus=\"true\">\n\t\t\t\t\t<div class=\"e-con-inner\">\n\t\t\t\t<div class=\"elementor-element elementor-element-012b959 elementor-widget elementor-widget-text-editor\" data-id=\"012b959\" data-element_type=\"widget\" data-widget_type=\"text-editor.default\">\n\t\t\t\t<div class=\"elementor-widget-container\">\n\t\t\t\t\t\t\t<p>Le renouvellement des semelles en ligne est disponible pour les adultes dont les derni\u00e8res semelles ont \u00e9t\u00e9 prescrites ou r\u00e9alis\u00e9es\u00a0\u00a0par Alain Caisso \u00e0 partir du 1er janvier 2016 et que celles-ci vous conviennent parfaitement ( \u00e9conomie d&rsquo;une consultation) Si des douleurs r\u00e9siduelles existent, un nouveau bilan est \u00e0 envisager.<\/p><p>Dans le mois qui suit la r\u00e9ception de vos semelles, une consultation est \u00e0 votre disposition si le port de celles-ci pose probl\u00e8me. Dans ce cas, merci de\u00a0<a href=\"https:\/\/posturologue.fr\/Alain-Caisso-Podoposturologue-Montpellier-Herault\/prendre-rendez-vous\/\" target=\"_blank\" rel=\"noopener\">prendre RdV<\/a>\u00a0 Veuillez choisir l&rsquo;acte intitul\u00e9 : \u00ab\u00a0Contr\u00f4le du 1er mois si les semelles vous g\u00eanent\u00a0\u00bb.<\/p>\t\t\t\t\t\t<\/div>\n\t\t\t\t<\/div>\n\t\t\t\t\t<\/div>\n\t\t\t\t<\/div>\n\t\t<div class=\"elementor-element elementor-element-1977e81 e-flex e-con-boxed e-con e-parent\" data-id=\"1977e81\" data-element_type=\"container\" data-core-v316-plus=\"true\">\n\t\t\t\t\t<div class=\"e-con-inner\">\n\t\t\t\t<div class=\"elementor-element elementor-element-e0db10d elementor-widget elementor-widget-image\" data-id=\"e0db10d\" data-element_type=\"widget\" data-widget_type=\"image.default\">\n\t\t\t\t<div class=\"elementor-widget-container\">\n\t\t\t\t\t\t\t\t\t\t\t\t\t\t<a href=\"https:\/\/posturologue.fr\/Alain-Caisso-Podoposturologue-Montpellier-Herault\/boutique\/\">\n\t\t\t\t\t\t\t<img decoding=\"async\" src=\"https:\/\/posturologue.fr\/Alain-Caisso-Podoposturologue-Montpellier-Herault\/wp-content\/uploads\/elementor\/thumbs\/bouton-commander-qls8344p6ff08wejs0yc0lwgq4gpmgrsggznrmn6kw.png\" title=\"bouton-commander\" alt=\"bouton-commander\" loading=\"lazy\" \/>\t\t\t\t\t\t\t\t<\/a>\n\t\t\t\t\t\t\t\t\t\t\t\t\t<\/div>\n\t\t\t\t<\/div>\n\t\t\t\t\t<\/div>\n\t\t\t\t<\/div>\n\t\t\t\t<\/div>\n\t\t","protected":false},"excerpt":{"rendered":"<p>DEMANDE DE RENOUVELLEMENT DE SEMELLES EN LIGNE Pour les ADULTES uniquement ! La loi\u00a0 RIST du 23 mai\u00a02023 autorise\u00a0votre podologue \u00e0 vous prescrire directement vos semelles orthop\u00e9diques Le renouvellement des semelles en ligne est disponible pour les adultes dont les derni\u00e8res semelles ont \u00e9t\u00e9 prescrites ou r\u00e9alis\u00e9es\u00a0\u00a0par Alain Caisso \u00e0 partir du 1er janvier 2016 [&hellip;]<\/p>\n","protected":false},"author":1,"featured_media":0,"parent":0,"menu_order":0,"comment_status":"closed","ping_status":"closed","template":"","meta":{"footnotes":""},"class_list":["post-136","page","type-page","status-publish","hentry","entry","owp-thumbs-layout-horizontal","owp-btn-normal","owp-tabs-layout-horizontal","has-no-thumbnails"],"_links":{"self":[{"href":"https:\/\/posturologue.fr\/Alain-Caisso-Podoposturologue-Montpellier-Herault\/wp-json\/wp\/v2\/pages\/136","targetHints":{"allow":["GET"]}}],"collection":[{"href":"https:\/\/posturologue.fr\/Alain-Caisso-Podoposturologue-Montpellier-Herault\/wp-json\/wp\/v2\/pages"}],"about":[{"href":"https:\/\/posturologue.fr\/Alain-Caisso-Podoposturologue-Montpellier-Herault\/wp-json\/wp\/v2\/types\/page"}],"author":[{"embeddable":true,"href":"https:\/\/posturologue.fr\/Alain-Caisso-Podoposturologue-Montpellier-Herault\/wp-json\/wp\/v2\/users\/1"}],"replies":[{"embeddable":true,"href":"https:\/\/posturologue.fr\/Alain-Caisso-Podoposturologue-Montpellier-Herault\/wp-json\/wp\/v2\/comments?post=136"}],"version-history":[{"count":29,"href":"https:\/\/posturologue.fr\/Alain-Caisso-Podoposturologue-Montpellier-Herault\/wp-json\/wp\/v2\/pages\/136\/revisions"}],"predecessor-version":[{"id":903,"href":"https:\/\/posturologue.fr\/Alain-Caisso-Podoposturologue-Montpellier-Herault\/wp-json\/wp\/v2\/pages\/136\/revisions\/903"}],"wp:attachment":[{"href":"https:\/\/posturologue.fr\/Alain-Caisso-Podoposturologue-Montpellier-Herault\/wp-json\/wp\/v2\/media?parent=136"}],"curies":[{"name":"wp","href":"https:\/\/api.w.org\/{rel}","templated":true}]}}