{"id":24,"date":"2024-03-26T08:49:38","date_gmt":"2024-03-26T07:49:38","guid":{"rendered":"http:\/\/posturologue.fr\/Alain-Caisso-Podoposturologue-Montpellier-Herault\/?page_id=24"},"modified":"2024-03-26T15:09:32","modified_gmt":"2024-03-26T14:09:32","slug":"mentions-legales","status":"publish","type":"page","link":"https:\/\/posturologue.fr\/Alain-Caisso-Podoposturologue-Montpellier-Herault\/mentions-legales\/","title":{"rendered":"Mentions l\u00e9gales"},"content":{"rendered":"\n<p class=\"has-medium-font-size\"><strong>Propri\u00e9taire du site<br><\/strong>Le site Posturologue.fr est la propri\u00e9t\u00e9 de :<br>Alain CAISSO<br>Cabinet de St-Vincent<br>1 Bis rue du Petit Bois<br>34730 St-Vicent de Barbeyrargues<\/p>\n\n\n\n<p class=\"has-medium-font-size\">T\u00e9l : +33 (0)4 67 59 90 77<br><br><strong>Directeur de publication<\/strong>&nbsp;:<br>Alain CAISSO<br><br>Tous les illustrations et photographies utilis\u00e9s sur le site Posturologue.fr sont soumises au droit de copie et ne peuvent \u00eatre utilis\u00e9es sans le consentement \u00e9crit de leurs propri\u00e9taires :<br><br>\u00a9 unpict &#8211; Fotolia.com, \u00a9 Robert Kneschke &#8211; Fotolia.com, \u00a9 free_photo &#8211; Fotolia.com, \u00a9 AlienCat &#8211; Fotolia.com, \u00a9 Sebastian Kaulitzki &#8211; Fotolia.com, \u00a9 Andrea Danti &#8211; Fotolia.com, \u00a9 CLIPAREA.com &#8211; Fotolia.com, \u00a9 StudioAraminta &#8211; Fotolia.com, \u00a9 Sebastian Kaulitzki &#8211; Fotolia.com, \u00a9 Bernd_Leitner &#8211; Fotolia.com, \u00a9 Irena Misevic &#8211; Fotolia.com \u00a9 ArtmannWitte &#8211; Fotolia.com, \u00a9 Maridav &#8211; Fotolia.com, \u00a9 Silvia Ottaviano &#8211; Fotolia.com, \u00a9 Tatyana Gladskih &#8211; Fotolia.com, \u00a9 freshidea &#8211; Fotolia.com, \u00a9 koszivu &#8211; Fotolia.com, \u00a9 kogge &#8211; Fotolia.com, \u00a9 Jacek Chabraszewski &#8211; Fotolia.com.<br><br><strong>H\u00e9bergeur du site<br><\/strong>Le site Posturologue.fr est h\u00e9berg\u00e9 par la soci\u00e9t\u00e9&nbsp;<a href=\"http:\/\/www.ovh.com\/\" target=\"_blank\" rel=\"noreferrer noopener\">OVH<\/a>&nbsp;:<br>9 avenue Percier 75008 Paris France!<\/p>\n\n\n\n<p class=\"has-medium-font-size\"><\/p>\n","protected":false},"excerpt":{"rendered":"<p>Propri\u00e9taire du siteLe site Posturologue.fr est la propri\u00e9t\u00e9 de :Alain CAISSOCabinet de St-Vincent1 Bis rue du Petit Bois34730 St-Vicent de Barbeyrargues T\u00e9l : +33 (0)4 67 59 90 77 Directeur de publication&nbsp;:Alain CAISSO Tous les illustrations et photographies utilis\u00e9s sur le site Posturologue.fr sont soumises au droit de copie et ne peuvent \u00eatre utilis\u00e9es sans [&hellip;]<\/p>\n","protected":false},"author":1,"featured_media":0,"parent":0,"menu_order":0,"comment_status":"closed","ping_status":"closed","template":"","meta":{"footnotes":""},"class_list":["post-24","page","type-page","status-publish","hentry","entry","owp-thumbs-layout-horizontal","owp-btn-normal","owp-tabs-layout-horizontal","has-no-thumbnails"],"_links":{"self":[{"href":"https:\/\/posturologue.fr\/Alain-Caisso-Podoposturologue-Montpellier-Herault\/wp-json\/wp\/v2\/pages\/24","targetHints":{"allow":["GET"]}}],"collection":[{"href":"https:\/\/posturologue.fr\/Alain-Caisso-Podoposturologue-Montpellier-Herault\/wp-json\/wp\/v2\/pages"}],"about":[{"href":"https:\/\/posturologue.fr\/Alain-Caisso-Podoposturologue-Montpellier-Herault\/wp-json\/wp\/v2\/types\/page"}],"author":[{"embeddable":true,"href":"https:\/\/posturologue.fr\/Alain-Caisso-Podoposturologue-Montpellier-Herault\/wp-json\/wp\/v2\/users\/1"}],"replies":[{"embeddable":true,"href":"https:\/\/posturologue.fr\/Alain-Caisso-Podoposturologue-Montpellier-Herault\/wp-json\/wp\/v2\/comments?post=24"}],"version-history":[{"count":2,"href":"https:\/\/posturologue.fr\/Alain-Caisso-Podoposturologue-Montpellier-Herault\/wp-json\/wp\/v2\/pages\/24\/revisions"}],"predecessor-version":[{"id":135,"href":"https:\/\/posturologue.fr\/Alain-Caisso-Podoposturologue-Montpellier-Herault\/wp-json\/wp\/v2\/pages\/24\/revisions\/135"}],"wp:attachment":[{"href":"https:\/\/posturologue.fr\/Alain-Caisso-Podoposturologue-Montpellier-Herault\/wp-json\/wp\/v2\/media?parent=24"}],"curies":[{"name":"wp","href":"https:\/\/api.w.org\/{rel}","templated":true}]}}