{"id":418,"date":"2024-04-04T14:52:38","date_gmt":"2024-04-04T12:52:38","guid":{"rendered":"http:\/\/posturologue.fr\/Alain-Caisso-Podoposturologue-Montpellier-Herault\/?page_id=418"},"modified":"2025-01-23T20:08:35","modified_gmt":"2025-01-23T19:08:35","slug":"pedicure","status":"publish","type":"page","link":"https:\/\/posturologue.fr\/Alain-Caisso-Podoposturologue-Montpellier-Herault\/pedicure\/","title":{"rendered":"P\u00e9dicure"},"content":{"rendered":"\t\t<div data-elementor-type=\"wp-page\" data-elementor-id=\"418\" class=\"elementor elementor-418\">\n\t\t\t\t<div class=\"elementor-element elementor-element-170cb42 e-flex e-con-boxed e-con e-parent\" data-id=\"170cb42\" data-element_type=\"container\" data-core-v316-plus=\"true\">\n\t\t\t\t\t<div class=\"e-con-inner\">\n\t\t<div class=\"elementor-element elementor-element-344218b e-con-full e-flex e-con e-child\" data-id=\"344218b\" data-element_type=\"container\">\n\t\t\t\t<div class=\"elementor-element elementor-element-e79a480 elementor-align-center elementor-fixed elementor-widget elementor-widget-button\" data-id=\"e79a480\" data-element_type=\"widget\" data-settings=\"{&quot;_position&quot;:&quot;fixed&quot;}\" data-widget_type=\"button.default\">\n\t\t\t\t<div class=\"elementor-widget-container\">\n\t\t\t\t\t<div class=\"elementor-button-wrapper\">\n\t\t\t<a class=\"elementor-button elementor-button-link elementor-size-sm\" href=\"https:\/\/posturologue.fr\/Alain-Caisso-Podoposturologue-Montpellier-Herault\/prendre-rendez-vous\/\" id=\"prendrerdv\">\n\t\t\t\t\t\t<span class=\"elementor-button-content-wrapper\">\n\t\t\t\t\t\t<span class=\"elementor-button-icon elementor-align-icon-left\">\n\t\t\t\t<svg aria-hidden=\"true\" class=\"e-font-icon-svg e-fas-phone-alt\" viewBox=\"0 0 512 512\" xmlns=\"http:\/\/www.w3.org\/2000\/svg\"><path d=\"M497.39 361.8l-112-48a24 24 0 0 0-28 6.9l-49.6 60.6A370.66 370.66 0 0 1 130.6 204.11l60.6-49.6a23.94 23.94 0 0 0 6.9-28l-48-112A24.16 24.16 0 0 0 122.6.61l-104 24A24 24 0 0 0 0 48c0 256.5 207.9 464 464 464a24 24 0 0 0 23.4-18.6l24-104a24.29 24.29 0 0 0-14.01-27.6z\"><\/path><\/svg>\t\t\t<\/span>\n\t\t\t\t\t\t<span class=\"elementor-button-text\">Prendre RDV<\/span>\n\t\t<\/span>\n\t\t\t\t\t<\/a>\n\t\t<\/div>\n\t\t\t\t<\/div>\n\t\t\t\t<\/div>\n\t\t\t\t<div class=\"elementor-element elementor-element-f62581d elementor-invisible elementor-widget elementor-widget-image\" data-id=\"f62581d\" data-element_type=\"widget\" data-settings=\"{&quot;_animation&quot;:&quot;fadeInLeft&quot;}\" data-widget_type=\"image.default\">\n\t\t\t\t<div class=\"elementor-widget-container\">\n\t\t\t<style>\/*! elementor - v3.20.0 - 26-03-2024 *\/\n.elementor-widget-image{text-align:center}.elementor-widget-image a{display:inline-block}.elementor-widget-image a img[src$=\".svg\"]{width:48px}.elementor-widget-image img{vertical-align:middle;display:inline-block}<\/style>\t\t\t\t\t\t\t\t\t\t<img fetchpriority=\"high\" decoding=\"async\" width=\"400\" height=\"300\" src=\"https:\/\/posturologue.fr\/Alain-Caisso-Podoposturologue-Montpellier-Herault\/wp-content\/uploads\/2024\/04\/pedicure-homme.jpg\" class=\"attachment-large size-large wp-image-420\" alt=\"\" srcset=\"https:\/\/posturologue.fr\/Alain-Caisso-Podoposturologue-Montpellier-Herault\/wp-content\/uploads\/2024\/04\/pedicure-homme.jpg 400w, https:\/\/posturologue.fr\/Alain-Caisso-Podoposturologue-Montpellier-Herault\/wp-content\/uploads\/2024\/04\/pedicure-homme-300x225.jpg 300w\" sizes=\"(max-width: 400px) 100vw, 400px\" \/>\t\t\t\t\t\t\t\t\t\t\t\t\t<\/div>\n\t\t\t\t<\/div>\n\t\t\t\t<\/div>\n\t\t<div class=\"elementor-element elementor-element-e2d80b8 e-con-full e-flex e-con e-child\" data-id=\"e2d80b8\" data-element_type=\"container\">\n\t\t\t\t<div class=\"elementor-element elementor-element-54ee4ef elementor-invisible elementor-widget elementor-widget-text-editor\" data-id=\"54ee4ef\" data-element_type=\"widget\" data-settings=\"{&quot;_animation&quot;:&quot;fadeInRight&quot;}\" data-widget_type=\"text-editor.default\">\n\t\t\t\t<div class=\"elementor-widget-container\">\n\t\t\t<style>\/*! elementor - v3.20.0 - 26-03-2024 *\/\n.elementor-widget-text-editor.elementor-drop-cap-view-stacked .elementor-drop-cap{background-color:#69727d;color:#fff}.elementor-widget-text-editor.elementor-drop-cap-view-framed .elementor-drop-cap{color:#69727d;border:3px solid;background-color:transparent}.elementor-widget-text-editor:not(.elementor-drop-cap-view-default) .elementor-drop-cap{margin-top:8px}.elementor-widget-text-editor:not(.elementor-drop-cap-view-default) .elementor-drop-cap-letter{width:1em;height:1em}.elementor-widget-text-editor .elementor-drop-cap{float:left;text-align:center;line-height:1;font-size:50px}.elementor-widget-text-editor .elementor-drop-cap-letter{display:inline-block}<\/style>\t\t\t\t<div class=\"et_pb_row et_pb_row_4 et_hover_enabled\"><div class=\"et_pb_column et_pb_column_1_2 et_pb_column_4 et_pb_css_mix_blend_mode_passthrough et-last-child\"><div class=\"et_pb_module et_pb_text et_pb_text_3 et_pb_text_align_left et_pb_bg_layout_light et_had_animation\"><div class=\"et_pb_text_inner\"><p>P\u00e9dicure Montpellier (St-Vincent de Barbeyrargues &#8211; Gignac)<\/p><\/div><\/div><div class=\"et_pb_button_module_wrapper et_pb_button_1_wrapper et_pb_button_alignment_left et_pb_module \">\u00a0<\/div><div class=\"et_pb_module et_pb_text et_pb_text_4 et_pb_text_align_left et_pb_bg_layout_light et_had_animation\"><div class=\"et_pb_text_inner\"><p>Le p\u00e9dicure-podologue, est un professionnel de sant\u00e9 qui soigne les pieds de ses patients. On le consulte en vue d&rsquo;am\u00e9liorer son confort de marche, pour des infections l\u00e9g\u00e8res de la peau ou des ongles incarn\u00e9s&#8230;etc. Il travaille dans un cabinet et re\u00e7oit directement les patients pour leur appliquer soins et traitement cibl\u00e9s.<\/p><p><strong>Qu&rsquo;est-ce que la p\u00e9dicure ?<\/strong><br \/>Le p\u00e9dicure-podologue est un sp\u00e9cialiste des soins du pied, sans toutefois pratiquer d&rsquo;intervention chirurgicale comme l&rsquo;orthop\u00e9diste. Il aide le patient \u00e0 soigner des douleurs du pied, met en place des semelles orthop\u00e9diques sur mesure, conseille le patient sur de bonnes mesures d&rsquo;hygi\u00e8ne ou de posture, ou traite des ongles incarn\u00e9s et cors de pieds.<\/p><\/div><\/div><\/div><\/div><div class=\"et_pb_row et_pb_row_5\"><div class=\"et_pb_column et_pb_column_4_4 et_pb_column_5 et_pb_css_mix_blend_mode_passthrough et-last-child\"><div class=\"et_pb_module et_pb_text et_pb_text_5 et_pb_text_align_left et_pb_bg_layout_light\"><div class=\"et_pb_text_inner\">\u00a0<\/div><\/div><\/div><\/div>\t\t\t\t\t\t<\/div>\n\t\t\t\t<\/div>\n\t\t\t\t<\/div>\n\t\t\t\t\t<\/div>\n\t\t\t\t<\/div>\n\t\t<div class=\"elementor-element elementor-element-813c53d e-flex e-con-boxed e-con e-parent\" data-id=\"813c53d\" data-element_type=\"container\" data-core-v316-plus=\"true\">\n\t\t\t\t\t<div class=\"e-con-inner\">\n\t\t\t\t<div class=\"elementor-element elementor-element-0e5aec9 elementor-invisible elementor-widget elementor-widget-text-editor\" data-id=\"0e5aec9\" data-element_type=\"widget\" data-settings=\"{&quot;_animation&quot;:&quot;fadeInUp&quot;}\" data-widget_type=\"text-editor.default\">\n\t\t\t\t<div class=\"elementor-widget-container\">\n\t\t\t\t\t\t\t<p>On le consulte suite \u00e0 un trouble personnel, ou suite \u00e0 la demande de son m\u00e9decin-traitant pour accompagner d&rsquo;autres maladies. Il est tr\u00e8s demand\u00e9 par les sportifs et les randonneurs qui sont les premiers \u00e0 subir les effets des douleurs de pied sur leurs pratiques, tout comme certains travailleurs o\u00f9 la marche est n\u00e9cessaire au quotidien.<\/p>\n<p><strong>Dans quel cas faut-il pratiquer une p\u00e9dicure ?<\/strong><br>On consulte un p\u00e9dicure-podologue pour diff\u00e9rentes raisons, toutes li\u00e9es de pr\u00e8s ou de loin au pied. De la posture g\u00e9n\u00e9rale du corps, aux infections de l&rsquo;ongle.<\/p>\n<p><strong>Pour am\u00e9liorer sa posture<\/strong><br>La mise en place de semelles adapt\u00e9es, ou d&rsquo;appareillages con\u00e7us sur mesure pour le patient, aident \u00e0 mieux se d\u00e9placer et se tenir droit. Ces proth\u00e8ses aident \u00e0 r\u00e9duire des douleurs du pied, mais aussi celles qui en d\u00e9coulent : dos, hanches, jambes.<br><strong style=\"font-size: 14px; color: var( --e-global-color-text );\"><br><\/strong><\/p><p><strong style=\"font-size: 14px; color: var( --e-global-color-text );\">Pour soigner une douleur du pied<\/strong><br><\/p><p>Les cors de pied, des gonflements suite \u00e0 des frottements trop importants entre les orteils sont \u00e0 traiter par un podologue, tout comme les \u00e9paississements sur le c\u00f4t\u00e9 du pied (callosit\u00e9s) et leur aggravation si le frottement persiste, les durillons.<\/p>\n<p><strong>Pour am\u00e9liorer son hygi\u00e8ne de pied<\/strong><br>Bien souvent les probl\u00e8mes du pied ont pour origine une n\u00e9gligence de ceux-ci. Le p\u00e9dicure pourra donc prescrire un ensemble de soins, et apporter des conseils au patient. Mieux vaut pr\u00e9venir que gu\u00e9rir !<\/p>\n<p><strong>Pour traiter un ongle<\/strong><br>Les ongles incarn\u00e9s peuvent devenir tr\u00e8s handicapants pour la marche du patient. L\u00e0 encore le p\u00e9dicure-podologue saura apporter un traitement adapt\u00e9.<\/p>\n<p>Le p\u00e9dicure-podologue en profitera pour traiter la corne des pieds (des exc\u00e8s de peau), ou couper les ongles trop longs afin d&rsquo;\u00e9viter qu&rsquo;ils ne rentrent dans la peau par chocs contre le bout de la chaussure.<\/p>\n<p><strong>Pour les pieds particuliers<\/strong><br>Certaines maladies, comme le diab\u00e8te ou l&rsquo;arthrose, ou simplement l&rsquo;\u00e2ge, ont des cons\u00e9quences sur tout l&rsquo;organisme. On peut les traiter au cas par cas, \u00e0 commencer par le pied. C&rsquo;est souvent le m\u00e9decin-traitant du patient qui recommandera la visite chez le p\u00e9dicure pour soulager ces troubles.<\/p>\t\t\t\t\t\t<\/div>\n\t\t\t\t<\/div>\n\t\t\t\t\t<\/div>\n\t\t\t\t<\/div>\n\t\t\t\t<\/div>\n\t\t","protected":false},"excerpt":{"rendered":"<p>Prendre RDV P\u00e9dicure Montpellier (St-Vincent de Barbeyrargues &#8211; Gignac) \u00a0 Le p\u00e9dicure-podologue, est un professionnel de sant\u00e9 qui soigne les pieds de ses patients. On le consulte en vue d&rsquo;am\u00e9liorer son confort de marche, pour des infections l\u00e9g\u00e8res de la peau ou des ongles incarn\u00e9s&#8230;etc. Il travaille dans un cabinet et re\u00e7oit directement les patients [&hellip;]<\/p>\n","protected":false},"author":1,"featured_media":0,"parent":0,"menu_order":0,"comment_status":"closed","ping_status":"closed","template":"","meta":{"footnotes":""},"class_list":["post-418","page","type-page","status-publish","hentry","entry","owp-thumbs-layout-horizontal","owp-btn-normal","owp-tabs-layout-horizontal","has-no-thumbnails"],"_links":{"self":[{"href":"https:\/\/posturologue.fr\/Alain-Caisso-Podoposturologue-Montpellier-Herault\/wp-json\/wp\/v2\/pages\/418","targetHints":{"allow":["GET"]}}],"collection":[{"href":"https:\/\/posturologue.fr\/Alain-Caisso-Podoposturologue-Montpellier-Herault\/wp-json\/wp\/v2\/pages"}],"about":[{"href":"https:\/\/posturologue.fr\/Alain-Caisso-Podoposturologue-Montpellier-Herault\/wp-json\/wp\/v2\/types\/page"}],"author":[{"embeddable":true,"href":"https:\/\/posturologue.fr\/Alain-Caisso-Podoposturologue-Montpellier-Herault\/wp-json\/wp\/v2\/users\/1"}],"replies":[{"embeddable":true,"href":"https:\/\/posturologue.fr\/Alain-Caisso-Podoposturologue-Montpellier-Herault\/wp-json\/wp\/v2\/comments?post=418"}],"version-history":[{"count":20,"href":"https:\/\/posturologue.fr\/Alain-Caisso-Podoposturologue-Montpellier-Herault\/wp-json\/wp\/v2\/pages\/418\/revisions"}],"predecessor-version":[{"id":896,"href":"https:\/\/posturologue.fr\/Alain-Caisso-Podoposturologue-Montpellier-Herault\/wp-json\/wp\/v2\/pages\/418\/revisions\/896"}],"wp:attachment":[{"href":"https:\/\/posturologue.fr\/Alain-Caisso-Podoposturologue-Montpellier-Herault\/wp-json\/wp\/v2\/media?parent=418"}],"curies":[{"name":"wp","href":"https:\/\/api.w.org\/{rel}","templated":true}]}}