{"id":921,"date":"2025-04-18T10:39:56","date_gmt":"2025-04-18T08:39:56","guid":{"rendered":"https:\/\/posturologue.fr\/Alain-Caisso-Podoposturologue-Montpellier-Herault\/?page_id=921"},"modified":"2025-04-28T11:37:49","modified_gmt":"2025-04-28T09:37:49","slug":"podologie-pediatrique","status":"publish","type":"page","link":"https:\/\/posturologue.fr\/Alain-Caisso-Podoposturologue-Montpellier-Herault\/podologie-pediatrique\/","title":{"rendered":"Podologie p\u00e9diatrique"},"content":{"rendered":"\t\t<div data-elementor-type=\"wp-page\" data-elementor-id=\"921\" class=\"elementor elementor-921\">\n\t\t\t\t<div class=\"elementor-element elementor-element-27b43d9 e-flex e-con-boxed e-con e-parent\" data-id=\"27b43d9\" data-element_type=\"container\" data-core-v316-plus=\"true\">\n\t\t\t\t\t<div class=\"e-con-inner\">\n\t\t\t\t<div class=\"elementor-element elementor-element-3ccb85c elementor-align-center elementor-fixed elementor-widget elementor-widget-button\" data-id=\"3ccb85c\" data-element_type=\"widget\" data-settings=\"{&quot;_position&quot;:&quot;fixed&quot;}\" data-widget_type=\"button.default\">\n\t\t\t\t<div class=\"elementor-widget-container\">\n\t\t\t\t\t<div class=\"elementor-button-wrapper\">\n\t\t\t<a class=\"elementor-button elementor-button-link elementor-size-sm\" href=\"https:\/\/posturologue.fr\/Alain-Caisso-Podoposturologue-Montpellier-Herault\/prendre-rendez-vous\/\" id=\"prendrerdv\">\n\t\t\t\t\t\t<span class=\"elementor-button-content-wrapper\">\n\t\t\t\t\t\t<span class=\"elementor-button-icon elementor-align-icon-left\">\n\t\t\t\t<svg aria-hidden=\"true\" class=\"e-font-icon-svg e-fas-phone-alt\" viewBox=\"0 0 512 512\" xmlns=\"http:\/\/www.w3.org\/2000\/svg\"><path d=\"M497.39 361.8l-112-48a24 24 0 0 0-28 6.9l-49.6 60.6A370.66 370.66 0 0 1 130.6 204.11l60.6-49.6a23.94 23.94 0 0 0 6.9-28l-48-112A24.16 24.16 0 0 0 122.6.61l-104 24A24 24 0 0 0 0 48c0 256.5 207.9 464 464 464a24 24 0 0 0 23.4-18.6l24-104a24.29 24.29 0 0 0-14.01-27.6z\"><\/path><\/svg>\t\t\t<\/span>\n\t\t\t\t\t\t<span class=\"elementor-button-text\">Prendre RDV<\/span>\n\t\t<\/span>\n\t\t\t\t\t<\/a>\n\t\t<\/div>\n\t\t\t\t<\/div>\n\t\t\t\t<\/div>\n\t\t\t\t<div class=\"elementor-element elementor-element-74e750a elementor-widget elementor-widget-heading\" data-id=\"74e750a\" data-element_type=\"widget\" data-widget_type=\"heading.default\">\n\t\t\t\t<div class=\"elementor-widget-container\">\n\t\t\t<style>\/*! elementor - v3.20.0 - 26-03-2024 *\/\n.elementor-heading-title{padding:0;margin:0;line-height:1}.elementor-widget-heading .elementor-heading-title[class*=elementor-size-]>a{color:inherit;font-size:inherit;line-height:inherit}.elementor-widget-heading .elementor-heading-title.elementor-size-small{font-size:15px}.elementor-widget-heading .elementor-heading-title.elementor-size-medium{font-size:19px}.elementor-widget-heading .elementor-heading-title.elementor-size-large{font-size:29px}.elementor-widget-heading .elementor-heading-title.elementor-size-xl{font-size:39px}.elementor-widget-heading .elementor-heading-title.elementor-size-xxl{font-size:59px}<\/style><h2 class=\"elementor-heading-title elementor-size-default\">Podologie p\u00e9diatrique<\/h2>\t\t<\/div>\n\t\t\t\t<\/div>\n\t\t\t\t\t<\/div>\n\t\t\t\t<\/div>\n\t\t<div class=\"elementor-element elementor-element-d01fd0f e-flex e-con-boxed e-con e-parent\" data-id=\"d01fd0f\" data-element_type=\"container\" data-core-v316-plus=\"true\">\n\t\t\t\t\t<div class=\"e-con-inner\">\n\t\t\t\t<div class=\"elementor-element elementor-element-536de99 elementor-widget elementor-widget-image\" data-id=\"536de99\" data-element_type=\"widget\" data-widget_type=\"image.default\">\n\t\t\t\t<div class=\"elementor-widget-container\">\n\t\t\t<style>\/*! elementor - v3.20.0 - 26-03-2024 *\/\n.elementor-widget-image{text-align:center}.elementor-widget-image a{display:inline-block}.elementor-widget-image a img[src$=\".svg\"]{width:48px}.elementor-widget-image img{vertical-align:middle;display:inline-block}<\/style>\t\t\t\t\t\t\t\t\t\t<img fetchpriority=\"high\" decoding=\"async\" width=\"300\" height=\"199\" src=\"https:\/\/posturologue.fr\/Alain-Caisso-Podoposturologue-Montpellier-Herault\/wp-content\/uploads\/2025\/04\/pied_bebe-300x199.webp\" class=\"attachment-medium size-medium wp-image-954\" alt=\"\" srcset=\"https:\/\/posturologue.fr\/Alain-Caisso-Podoposturologue-Montpellier-Herault\/wp-content\/uploads\/2025\/04\/pied_bebe-300x199.webp 300w, https:\/\/posturologue.fr\/Alain-Caisso-Podoposturologue-Montpellier-Herault\/wp-content\/uploads\/2025\/04\/pied_bebe.webp 600w\" sizes=\"(max-width: 300px) 100vw, 300px\" \/>\t\t\t\t\t\t\t\t\t\t\t\t\t<\/div>\n\t\t\t\t<\/div>\n\t\t\t\t\t<\/div>\n\t\t\t\t<\/div>\n\t\t<div class=\"elementor-element elementor-element-3c9fd85 e-flex e-con-boxed e-con e-parent\" data-id=\"3c9fd85\" data-element_type=\"container\" data-core-v316-plus=\"true\">\n\t\t\t\t\t<div class=\"e-con-inner\">\n\t\t<div class=\"elementor-element elementor-element-5a405df e-con-full e-flex e-con e-child\" data-id=\"5a405df\" data-element_type=\"container\">\n\t\t\t\t<div class=\"elementor-element elementor-element-948b59c elementor-widget elementor-widget-text-editor\" data-id=\"948b59c\" data-element_type=\"widget\" data-widget_type=\"text-editor.default\">\n\t\t\t\t<div class=\"elementor-widget-container\">\n\t\t\t<style>\/*! elementor - v3.20.0 - 26-03-2024 *\/\n.elementor-widget-text-editor.elementor-drop-cap-view-stacked .elementor-drop-cap{background-color:#69727d;color:#fff}.elementor-widget-text-editor.elementor-drop-cap-view-framed .elementor-drop-cap{color:#69727d;border:3px solid;background-color:transparent}.elementor-widget-text-editor:not(.elementor-drop-cap-view-default) .elementor-drop-cap{margin-top:8px}.elementor-widget-text-editor:not(.elementor-drop-cap-view-default) .elementor-drop-cap-letter{width:1em;height:1em}.elementor-widget-text-editor .elementor-drop-cap{float:left;text-align:center;line-height:1;font-size:50px}.elementor-widget-text-editor .elementor-drop-cap-letter{display:inline-block}<\/style>\t\t\t\t<div class=\"et_pb_module et_pb_text et_pb_text_3 et_pb_text_align_left et_pb_bg_layout_light et_had_animation\"><h3 class=\"et_pb_text_inner\">Qu&rsquo;est-ce que c&rsquo;est ?<\/h3><\/div><div class=\"et_pb_button_module_wrapper et_pb_button_1_wrapper et_pb_button_alignment_left et_pb_module \"><p class=\"\" data-start=\"93\" data-end=\"431\">Le d\u00e9veloppement des pieds, de la marche et de la posture chez l\u2019enfant diff\u00e8re consid\u00e9rablement de celui de l\u2019adulte. De ses premiers pas jusqu\u2019\u00e0 la fin de sa croissance, l\u2019enfant traverse un processus complexe de maturation. C\u2019est pourquoi une approche sp\u00e9cifique, adapt\u00e9e \u00e0 son d\u00e9veloppement physique et physiologique, est essentielle.<\/p><p class=\"\" data-start=\"433\" data-end=\"646\">La podologie p\u00e9diatrique est une branche sp\u00e9cialis\u00e9e de la podologie qui s\u2019int\u00e9resse \u00e0 l\u2019\u00e9valuation, \u00e0 la pr\u00e9vention et au traitement des troubles des pieds chez les enfants, de la naissance jusqu\u2019\u00e0 l\u2019adolescence.<\/p><p class=\"\" data-start=\"648\" data-end=\"1046\">Le r\u00f4le du podo-p\u00e9diatre est d\u2019observer, d\u00e9pister, conseiller et, si besoin, proposer un appareillage adapt\u00e9. De nombreux troubles, qu\u2019ils soient li\u00e9s \u00e0 la posture ou \u00e0 la marche, peuvent motiver une consultation. On retrouve fr\u00e9quemment des cas de pieds plats, d\u2019orteils qui se chevauchent, de d\u00e9marches atypiques, d\u2019une fatigue rapide lors de la marche ou d\u2019une usure inhabituelle des chaussures.<\/p><p class=\"\" data-start=\"1048\" data-end=\"1238\">Bien que cette liste ne soit pas exhaustive, il est important de rester attentif aux signes \u00e9voqu\u00e9s par l\u2019enfant ou observ\u00e9s par son entourage pour envisager une prise en charge podologique.<\/p><\/div><div class=\"et_pb_module et_pb_text et_pb_text_4 et_pb_text_align_left et_pb_bg_layout_light et_had_animation\"><div class=\"et_pb_text_inner\">\u00a0<\/div><\/div>\t\t\t\t\t\t<\/div>\n\t\t\t\t<\/div>\n\t\t\t\t<\/div>\n\t\t<div class=\"elementor-element elementor-element-84d519c e-con-full e-flex e-con e-child\" data-id=\"84d519c\" data-element_type=\"container\">\n\t\t\t\t<div class=\"elementor-element elementor-element-6a82d11 elementor-widget elementor-widget-text-editor\" data-id=\"6a82d11\" data-element_type=\"widget\" data-widget_type=\"text-editor.default\">\n\t\t\t\t<div class=\"elementor-widget-container\">\n\t\t\t\t\t\t\t<h3>Quand consulter ?<\/h3><p><span style=\"font-size: 14px;\">Une consultation podologique peut \u00eatre n\u00e9cessaire d\u00e8s les premiers mois si des anomalies telles que des orteils qui se superposent, des affections des ongles ou des l\u00e9sions cutan\u00e9es sont constat\u00e9es.<\/span><\/p><p data-start=\"343\" data-end=\"849\">En ce qui concerne l\u2019acquisition de la marche, il est g\u00e9n\u00e9ralement recommand\u00e9 de laisser l\u2019enfant \u00e9voluer librement durant les premi\u00e8res ann\u00e9es, \u00e0 savoir les quatre \u00e0 cinq premi\u00e8res ann\u00e9es, sauf en cas de troubles \u00e9vidents. Cette phase correspond \u00e0 l\u2019acquisition progressive de la marche, souvent marqu\u00e9e par des mouvements incertains, et s\u2019accompagne du d\u00e9veloppement des syst\u00e8mes nerveux, musculaire et squelettique. Une \u00e9valuation posturale et fonctionnelle ne devient pertinente qu\u2019apr\u00e8s cette p\u00e9riode.<\/p><p data-start=\"851\" data-end=\"1336\">Les signes cliniques justifiant une consultation sont nombreux et vari\u00e9s. Il est essentiel de consulter en pr\u00e9sence de d\u00e9viations posturales telles qu&rsquo;une d\u00e9marche irr\u00e9guli\u00e8re, des anomalies dans l\u2019alignement des pieds ou des genoux, ou encore une position corporelle anormale. Par ailleurs, la consultation est indispensable en cas de douleurs localis\u00e9es aux pieds, aux membres inf\u00e9rieurs ou au dos, afin de pr\u00e9venir des complications et garantir un d\u00e9veloppement optimal de l\u2019enfant.<\/p><h3><b>Prises en charge possibles\u00a0<\/b><\/h3><p class=\"\" data-start=\"135\" data-end=\"499\">Les modalit\u00e9s de prise en charge en podologie p\u00e9diatrique sont multiples et adapt\u00e9es aux besoins de chaque enfant. Dans certains cas, de simples ajustements suffisent, comme des recommandations sur le choix des chaussures, la mise en place d\u2019exercices visant \u00e0 am\u00e9liorer la proprioception, la coordination motrice ou encore certaines postures adopt\u00e9es lors du jeu.<\/p><p class=\"\" data-start=\"501\" data-end=\"886\">Le recours \u00e0 des orth\u00e8ses plantaires (semelles) est \u00e9galement fr\u00e9quent, lorsqu\u2019un soutien m\u00e9canique ou une correction est n\u00e9cessaire. Il est important de souligner que le port de semelles ne signifie pas un traitement \u00e0 long terme : la plupart des enfants n\u2019en auront besoin que temporairement. Une intervention pr\u00e9coce augmente significativement les chances de r\u00e9ussite du traitement.<\/p><p>\u00a0<\/p><p class=\"\" data-start=\"888\" data-end=\"1140\">Par ailleurs, le podologue sp\u00e9cialis\u00e9 en p\u00e9diatrie joue un r\u00f4le cl\u00e9 dans le rep\u00e9rage de troubles du d\u00e9veloppement ou de pathologies sous-jacentes plus complexes, qui peuvent justifier une prise en charge pluridisciplinaire ou m\u00e9dicale plus approfondie.<\/p>\t\t\t\t\t\t<\/div>\n\t\t\t\t<\/div>\n\t\t\t\t<\/div>\n\t\t\t\t\t<\/div>\n\t\t\t\t<\/div>\n\t\t\t\t<\/div>\n\t\t","protected":false},"excerpt":{"rendered":"<p>Prendre RDV Podologie p\u00e9diatrique Qu&rsquo;est-ce que c&rsquo;est ? Le d\u00e9veloppement des pieds, de la marche et de la posture chez l\u2019enfant diff\u00e8re consid\u00e9rablement de celui de l\u2019adulte. De ses premiers pas jusqu\u2019\u00e0 la fin de sa croissance, l\u2019enfant traverse un processus complexe de maturation. C\u2019est pourquoi une approche sp\u00e9cifique, adapt\u00e9e \u00e0 son d\u00e9veloppement physique et [&hellip;]<\/p>\n","protected":false},"author":2,"featured_media":0,"parent":0,"menu_order":0,"comment_status":"closed","ping_status":"closed","template":"","meta":{"footnotes":""},"class_list":["post-921","page","type-page","status-publish","hentry","entry","owp-thumbs-layout-horizontal","owp-btn-normal","owp-tabs-layout-horizontal","has-no-thumbnails"],"_links":{"self":[{"href":"https:\/\/posturologue.fr\/Alain-Caisso-Podoposturologue-Montpellier-Herault\/wp-json\/wp\/v2\/pages\/921","targetHints":{"allow":["GET"]}}],"collection":[{"href":"https:\/\/posturologue.fr\/Alain-Caisso-Podoposturologue-Montpellier-Herault\/wp-json\/wp\/v2\/pages"}],"about":[{"href":"https:\/\/posturologue.fr\/Alain-Caisso-Podoposturologue-Montpellier-Herault\/wp-json\/wp\/v2\/types\/page"}],"author":[{"embeddable":true,"href":"https:\/\/posturologue.fr\/Alain-Caisso-Podoposturologue-Montpellier-Herault\/wp-json\/wp\/v2\/users\/2"}],"replies":[{"embeddable":true,"href":"https:\/\/posturologue.fr\/Alain-Caisso-Podoposturologue-Montpellier-Herault\/wp-json\/wp\/v2\/comments?post=921"}],"version-history":[{"count":14,"href":"https:\/\/posturologue.fr\/Alain-Caisso-Podoposturologue-Montpellier-Herault\/wp-json\/wp\/v2\/pages\/921\/revisions"}],"predecessor-version":[{"id":999,"href":"https:\/\/posturologue.fr\/Alain-Caisso-Podoposturologue-Montpellier-Herault\/wp-json\/wp\/v2\/pages\/921\/revisions\/999"}],"wp:attachment":[{"href":"https:\/\/posturologue.fr\/Alain-Caisso-Podoposturologue-Montpellier-Herault\/wp-json\/wp\/v2\/media?parent=921"}],"curies":[{"name":"wp","href":"https:\/\/api.w.org\/{rel}","templated":true}]}}